{"id":1187,"date":"2023-09-19T21:16:40","date_gmt":"2023-09-19T19:16:40","guid":{"rendered":"http:\/\/bassoffice.pl\/?page_id=1187"},"modified":"2023-12-29T20:56:11","modified_gmt":"2023-12-29T19:56:11","slug":"o-nas","status":"publish","type":"page","link":"https:\/\/bassoffice.pl\/?page_id=1187","title":{"rendered":"O nas"},"content":{"rendered":"\t\t<div data-elementor-type=\"wp-page\" data-elementor-id=\"1187\" class=\"elementor elementor-1187\">\n\t\t\t\t\t\t\t<div class=\"elementor-element elementor-element-2c1e3e4 e-con-full e-flex e-con e-parent\" data-id=\"2c1e3e4\" data-element_type=\"container\" data-settings=\"{&quot;content_width&quot;:&quot;full&quot;}\" data-core-v316-plus=\"true\">\n\t\t\t\t<div class=\"elementor-element elementor-element-112c5cdf elementor-widget elementor-widget-text-editor\" data-id=\"112c5cdf\" data-element_type=\"widget\" data-widget_type=\"text-editor.default\">\n\t\t\t\t<div class=\"elementor-widget-container\">\n\t\t\t<style>\/*! elementor - v3.16.0 - 14-09-2023 *\/\n.elementor-widget-text-editor.elementor-drop-cap-view-stacked .elementor-drop-cap{background-color:#69727d;color:#fff}.elementor-widget-text-editor.elementor-drop-cap-view-framed .elementor-drop-cap{color:#69727d;border:3px solid;background-color:transparent}.elementor-widget-text-editor:not(.elementor-drop-cap-view-default) .elementor-drop-cap{margin-top:8px}.elementor-widget-text-editor:not(.elementor-drop-cap-view-default) .elementor-drop-cap-letter{width:1em;height:1em}.elementor-widget-text-editor .elementor-drop-cap{float:left;text-align:center;line-height:1;font-size:50px}.elementor-widget-text-editor .elementor-drop-cap-letter{display:inline-block}<\/style>\t\t\t\t<p><!-- wp:paragraph --><\/p>\n<p><em>Spotka\u0142y\u015bmy si\u0119 w jednej firmie i od samego pocz\u0105tku wiedzia\u0142y\u015bmy, \u017ce mo\u017cemy na siebie liczy\u0107. Zawsze pomaga\u0142y\u015bmy sobie w trudnych zadaniach. Ka\u017cda z nas ma inny charakter i do\u015bwiadczenia zawodowe, kt\u00f3re nas ukszta\u0142towa\u0142y.\u00a0 Naszym g\u0142\u00f3wnym celem jest by\u0107 szcz\u0119\u015bliwymi, radosnymi i z u\u015bmiechem wita\u0107 ka\u017cdy kolejny dzie\u0144. Nasza historia pokazuje, \u017ce prawdziwa przyja\u017a\u0144 i wsp\u00f3\u0142praca s\u0105 bezcenne, i jeste\u015bmy gotowe podzieli\u0107 si\u0119 t\u0105 rado\u015bci\u0105 z innymi.<\/em><\/p>\n<p><!-- \/wp:paragraph --><\/p>\n<p><!-- wp:paragraph --><\/p>\n<p><!-- \/wp:paragraph --><\/p>\n<p><!-- wp:paragraph --><\/p>\n<p><span style=\"text-align: var(--text-align); background-color: var(--nv-site-bg); color: var(--nv-text-color); font-family: var(--bodyfontfamily),var(--nv-fallback-ff); font-size: var(--bodyfontsize); font-weight: var(--bodyfontweight); letter-spacing: var(--bodyletterspacing); text-transform: var(--bodytexttransform);\"><em><strong>Asia Kotowska<\/strong><\/em> to do\u015bwiadczona g\u0142\u00f3wna ksi\u0119gowa z wieloletnim sta\u017cem. Pracuje z pe\u0142nym zaanga\u017cowaniem, a rachunkowo\u015b\u0107 stanowi jej pasj\u0119. Bogate do\u015bwiadczenie w obszarze pe\u0142nych ksi\u0105g rachunkowych pozwoli\u0142o jej zg\u0142\u0119bi\u0107 tajniki tego obszaru i sta\u0107 si\u0119 ekspertem w dziedzinie finans\u00f3w. Asia jest osob\u0105 spokojn\u0105 i cierpliw\u0105, co sprawia, \u017ce doskonale radzi sobie z precyzyjnymi obowi\u0105zkami ksi\u0119gowymi. Jest r\u00f3wnie\u017c niezwykle ambitna i zawsze d\u0105\u017cy do doskona\u0142o\u015bci w swojej pracy. Jej podej\u015bcie jest proaktywne, a ona sama zawsze gotowa jest podj\u0105\u0107 wyzwania, by sprosta\u0107 wymaganiom zmieniaj\u0105cego si\u0119 \u015brodowiska finansowego. Jednak to nie tylko jej profesjonalizm i wiedza uczyni\u0142y j\u0105 cenionym ekspertem w dziedzinie ksi\u0119gowo\u015bci. Asia Kotowska ceni sobie szczero\u015b\u0107 i szacunek jako warto\u015bci nadrz\u0119dne w relacjach z klientami i wsp\u00f3\u0142pracownikami. Jej uczciwo\u015b\u0107 i profesjonalizm pozostawiaj\u0105 trwa\u0142e wra\u017cenie na tych, kt\u00f3rzy z ni\u0105 wsp\u00f3\u0142pracuj\u0105.<\/span><\/p>\n<p><!-- \/wp:paragraph --><\/p>\n<p><!-- wp:paragraph --><\/p>\n<p><!-- \/wp:paragraph --><\/p>\n<p><!-- wp:paragraph --><\/p>\n<p><span style=\"text-align: var(--text-align); background-color: var(--nv-site-bg); color: var(--nv-text-color); font-family: var(--bodyfontfamily),var(--nv-fallback-ff); font-size: var(--bodyfontsize); font-weight: var(--bodyfontweight); letter-spacing: var(--bodyletterspacing); text-transform: var(--bodytexttransform);\"><strong>Sylwia Osowska<\/strong> to ksi\u0119gowa, kt\u00f3ra przypomina wulkan energii w \u015bwiecie ksi\u0119gowo\u015bci i finans\u00f3w. Jej obszerne do\u015bwiadczenie w dziedzinie ksi\u0119gowo\u015bci pe\u0142nej, a tak\u017ce jej wszechstronno\u015b\u0107 w obszarze KPiR i Rycza\u0142tu, uczyni\u0142y j\u0105 prawdziwym ekspertem w bran\u017cy. Jej pasj\u0105 jest pomaganie przedsi\u0119biorcom w pozyskiwaniu dotacji i \u015brodk\u00f3w finansowych. Sylwia jest zdeterminowana, aby pom\u00f3c swoim klientom w osi\u0105gni\u0119ciu sukcesu i rozwoju ich przedsi\u0119biorstw. Jej wiedza i umiej\u0119tno\u015bci w zakresie pozyskiwania funduszy sprawiaj\u0105, \u017ce jest niezast\u0105piona dla przedsi\u0119biorc\u00f3w, kt\u00f3rzy d\u0105\u017c\u0105 do rozwoju. Sylwia to osoba otwarta, kt\u00f3ra stawia na transparentno\u015b\u0107 i uczciwo\u015b\u0107 w swojej pracy. Zawsze jest gotowa do wsp\u00f3\u0142pracy i nie boi si\u0119 trudnych wyzwa\u0144. Jej podej\u015bcie &#8220;gra w otwarte karty&#8221; oznacza, \u017ce klientom zawsze mo\u017cna zaufa\u0107, \u017ce otrzymaj\u0105 rzetelne i profesjonalne doradztwo finansowe. Jednak to nie tylko jej zaanga\u017cowanie zawodowe wyr\u00f3\u017cnia Sylwi\u0119. Jej rado\u015b\u0107 z obserwowania klient\u00f3w, kt\u00f3rzy rozwijaj\u0105 swoje przedsi\u0119biorstwa, sprawia, \u017ce jest nie tylko ekspertem, ale tak\u017ce inspiracj\u0105 dla innych. Jej pozytywne podej\u015bcie i nieustanne d\u0105\u017cenie do doskona\u0142o\u015bci czyni\u0105 j\u0105 prawdziwym skarbem w dziedzinie ksi\u0119gowo\u015bci i finans\u00f3w.<\/span><\/p>\n<p><!-- \/wp:paragraph --><\/p>\t\t\t\t\t\t<\/div>\n\t\t\t\t<\/div>\n\t\t\t\t<\/div>\n\t\t<div class=\"elementor-element elementor-element-52f299c e-flex e-con-boxed e-con e-parent\" data-id=\"52f299c\" data-element_type=\"container\" data-settings=\"{&quot;content_width&quot;:&quot;boxed&quot;}\" data-core-v316-plus=\"true\">\n\t\t\t\t\t<div class=\"e-con-inner\">\n\t\t\t\t<div class=\"elementor-element elementor-element-57cdc61 elementor-widget elementor-widget-image\" data-id=\"57cdc61\" data-element_type=\"widget\" data-widget_type=\"image.default\">\n\t\t\t\t<div class=\"elementor-widget-container\">\n\t\t\t<style>\/*! elementor - v3.16.0 - 14-09-2023 *\/\n.elementor-widget-image{text-align:center}.elementor-widget-image a{display:inline-block}.elementor-widget-image a img[src$=\".svg\"]{width:48px}.elementor-widget-image img{vertical-align:middle;display:inline-block}<\/style>\t\t\t\t\t\t\t\t\t\t\t\t<img loading=\"lazy\" decoding=\"async\" width=\"916\" height=\"533\" src=\"https:\/\/bassoffice.pl\/wp-content\/uploads\/2023\/12\/IMG_2611-rotated-e1703879564124.jpg\" class=\"attachment-large size-large wp-image-1221\" alt=\"\" srcset=\"https:\/\/bassoffice.pl\/wp-content\/uploads\/2023\/12\/IMG_2611-rotated-e1703879564124.jpg 916w, https:\/\/bassoffice.pl\/wp-content\/uploads\/2023\/12\/IMG_2611-rotated-e1703879564124-300x175.jpg 300w, https:\/\/bassoffice.pl\/wp-content\/uploads\/2023\/12\/IMG_2611-rotated-e1703879564124-768x447.jpg 768w, https:\/\/bassoffice.pl\/wp-content\/uploads\/2023\/12\/IMG_2611-rotated-e1703879564124-700x407.jpg 700w\" sizes=\"auto, (max-width: 916px) 100vw, 916px\" \/>\t\t\t\t\t\t\t\t\t\t\t\t\t\t\t<\/div>\n\t\t\t\t<\/div>\n\t\t\t\t\t<\/div>\n\t\t\t\t<\/div>\n\t\t<div class=\"elementor-element elementor-element-f9d069c e-flex e-con-boxed e-con e-parent\" data-id=\"f9d069c\" data-element_type=\"container\" data-settings=\"{&quot;content_width&quot;:&quot;boxed&quot;}\" data-core-v316-plus=\"true\">\n\t\t\t\t\t<div class=\"e-con-inner\">\n\t\t\t\t\t<\/div>\n\t\t\t\t<\/div>\n\t\t\t\t\t\t\t<\/div>\n\t\t","protected":false},"excerpt":{"rendered":"<p>Spotka\u0142y\u015bmy si\u0119 w jednej firmie i od samego pocz\u0105tku wiedzia\u0142y\u015bmy, \u017ce mo\u017cemy na siebie liczy\u0107. Zawsze pomaga\u0142y\u015bmy sobie w trudnych zadaniach. Ka\u017cda z nas ma inny charakter i do\u015bwiadczenia zawodowe, kt\u00f3re nas ukszta\u0142towa\u0142y.\u00a0 Naszym g\u0142\u00f3wnym celem jest by\u0107 szcz\u0119\u015bliwymi, radosnymi i z u\u015bmiechem wita\u0107 ka\u017cdy kolejny dzie\u0144. Nasza historia pokazuje, \u017ce prawdziwa przyja\u017a\u0144 i wsp\u00f3\u0142praca&hellip;&nbsp;<a href=\"https:\/\/bassoffice.pl\/?page_id=1187\" class=\"\" rel=\"bookmark\">Read More &raquo;<span class=\"screen-reader-text\">O nas<\/span><\/a><\/p>\n","protected":false},"author":1,"featured_media":0,"parent":0,"menu_order":0,"comment_status":"closed","ping_status":"closed","template":"","meta":{"neve_meta_sidebar":"","neve_meta_container":"","neve_meta_enable_content_width":"","neve_meta_content_width":0,"neve_meta_title_alignment":"","neve_meta_author_avatar":"","neve_post_elements_order":"","neve_meta_disable_header":"","neve_meta_disable_footer":"","neve_meta_disable_title":"","_themeisle_gutenberg_block_has_review":false,"_ti_tpc_template_sync":false,"_ti_tpc_template_id":"","footnotes":""},"class_list":["post-1187","page","type-page","status-publish","hentry"],"yoast_head":"<!-- This site is optimized with the Yoast SEO plugin v21.2 - https:\/\/yoast.com\/wordpress\/plugins\/seo\/ -->\n<title>O nas -<\/title>\n<meta name=\"robots\" content=\"index, follow, max-snippet:-1, max-image-preview:large, max-video-preview:-1\" \/>\n<link rel=\"canonical\" href=\"https:\/\/bassoffice.pl\/?page_id=1187\" \/>\n<meta property=\"og:locale\" content=\"en_US\" \/>\n<meta property=\"og:type\" content=\"article\" \/>\n<meta property=\"og:title\" content=\"O nas -\" \/>\n<meta property=\"og:description\" content=\"Spotka\u0142y\u015bmy si\u0119 w jednej firmie i od samego pocz\u0105tku wiedzia\u0142y\u015bmy, \u017ce mo\u017cemy na siebie liczy\u0107. Zawsze pomaga\u0142y\u015bmy sobie w trudnych zadaniach. Ka\u017cda z nas ma inny charakter i do\u015bwiadczenia zawodowe, kt\u00f3re nas ukszta\u0142towa\u0142y.\u00a0 Naszym g\u0142\u00f3wnym celem jest by\u0107 szcz\u0119\u015bliwymi, radosnymi i z u\u015bmiechem wita\u0107 ka\u017cdy kolejny dzie\u0144. Nasza historia pokazuje, \u017ce prawdziwa przyja\u017a\u0144 i wsp\u00f3\u0142praca&hellip;&nbsp;Read More &raquo;O nas\" \/>\n<meta property=\"og:url\" content=\"https:\/\/bassoffice.pl\/?page_id=1187\" \/>\n<meta property=\"article:modified_time\" content=\"2023-12-29T19:56:11+00:00\" \/>\n<meta property=\"og:image\" content=\"http:\/\/bassoffice.pl\/wp-content\/uploads\/2023\/12\/IMG_2611-rotated-e1703879564124.jpg\" \/>\n<meta name=\"twitter:card\" content=\"summary_large_image\" \/>\n<meta name=\"twitter:label1\" content=\"Est. reading time\" \/>\n\t<meta name=\"twitter:data1\" content=\"3 minutes\" \/>\n<script type=\"application\/ld+json\" class=\"yoast-schema-graph\">{\"@context\":\"https:\/\/schema.org\",\"@graph\":[{\"@type\":\"WebPage\",\"@id\":\"https:\/\/bassoffice.pl\/?page_id=1187\",\"url\":\"https:\/\/bassoffice.pl\/?page_id=1187\",\"name\":\"O nas -\",\"isPartOf\":{\"@id\":\"https:\/\/bassoffice.pl\/#website\"},\"datePublished\":\"2023-09-19T19:16:40+00:00\",\"dateModified\":\"2023-12-29T19:56:11+00:00\",\"breadcrumb\":{\"@id\":\"https:\/\/bassoffice.pl\/?page_id=1187#breadcrumb\"},\"inLanguage\":\"en-US\",\"potentialAction\":[{\"@type\":\"ReadAction\",\"target\":[\"https:\/\/bassoffice.pl\/?page_id=1187\"]}]},{\"@type\":\"BreadcrumbList\",\"@id\":\"https:\/\/bassoffice.pl\/?page_id=1187#breadcrumb\",\"itemListElement\":[{\"@type\":\"ListItem\",\"position\":1,\"name\":\"Home\",\"item\":\"https:\/\/bassoffice.pl\/\"},{\"@type\":\"ListItem\",\"position\":2,\"name\":\"O nas\"}]},{\"@type\":\"WebSite\",\"@id\":\"https:\/\/bassoffice.pl\/#website\",\"url\":\"https:\/\/bassoffice.pl\/\",\"name\":\"\",\"description\":\"\",\"potentialAction\":[{\"@type\":\"SearchAction\",\"target\":{\"@type\":\"EntryPoint\",\"urlTemplate\":\"https:\/\/bassoffice.pl\/?s={search_term_string}\"},\"query-input\":\"required name=search_term_string\"}],\"inLanguage\":\"en-US\"}]}<\/script>\n<!-- \/ Yoast SEO plugin. -->","yoast_head_json":{"title":"O nas -","robots":{"index":"index","follow":"follow","max-snippet":"max-snippet:-1","max-image-preview":"max-image-preview:large","max-video-preview":"max-video-preview:-1"},"canonical":"https:\/\/bassoffice.pl\/?page_id=1187","og_locale":"en_US","og_type":"article","og_title":"O nas -","og_description":"Spotka\u0142y\u015bmy si\u0119 w jednej firmie i od samego pocz\u0105tku wiedzia\u0142y\u015bmy, \u017ce mo\u017cemy na siebie liczy\u0107. Zawsze pomaga\u0142y\u015bmy sobie w trudnych zadaniach. Ka\u017cda z nas ma inny charakter i do\u015bwiadczenia zawodowe, kt\u00f3re nas ukszta\u0142towa\u0142y.\u00a0 Naszym g\u0142\u00f3wnym celem jest by\u0107 szcz\u0119\u015bliwymi, radosnymi i z u\u015bmiechem wita\u0107 ka\u017cdy kolejny dzie\u0144. Nasza historia pokazuje, \u017ce prawdziwa przyja\u017a\u0144 i wsp\u00f3\u0142praca&hellip;&nbsp;Read More &raquo;O nas","og_url":"https:\/\/bassoffice.pl\/?page_id=1187","article_modified_time":"2023-12-29T19:56:11+00:00","og_image":[{"url":"http:\/\/bassoffice.pl\/wp-content\/uploads\/2023\/12\/IMG_2611-rotated-e1703879564124.jpg"}],"twitter_card":"summary_large_image","twitter_misc":{"Est. reading time":"3 minutes"},"schema":{"@context":"https:\/\/schema.org","@graph":[{"@type":"WebPage","@id":"https:\/\/bassoffice.pl\/?page_id=1187","url":"https:\/\/bassoffice.pl\/?page_id=1187","name":"O nas -","isPartOf":{"@id":"https:\/\/bassoffice.pl\/#website"},"datePublished":"2023-09-19T19:16:40+00:00","dateModified":"2023-12-29T19:56:11+00:00","breadcrumb":{"@id":"https:\/\/bassoffice.pl\/?page_id=1187#breadcrumb"},"inLanguage":"en-US","potentialAction":[{"@type":"ReadAction","target":["https:\/\/bassoffice.pl\/?page_id=1187"]}]},{"@type":"BreadcrumbList","@id":"https:\/\/bassoffice.pl\/?page_id=1187#breadcrumb","itemListElement":[{"@type":"ListItem","position":1,"name":"Home","item":"https:\/\/bassoffice.pl\/"},{"@type":"ListItem","position":2,"name":"O nas"}]},{"@type":"WebSite","@id":"https:\/\/bassoffice.pl\/#website","url":"https:\/\/bassoffice.pl\/","name":"","description":"","potentialAction":[{"@type":"SearchAction","target":{"@type":"EntryPoint","urlTemplate":"https:\/\/bassoffice.pl\/?s={search_term_string}"},"query-input":"required name=search_term_string"}],"inLanguage":"en-US"}]}},"_links":{"self":[{"href":"https:\/\/bassoffice.pl\/index.php?rest_route=\/wp\/v2\/pages\/1187","targetHints":{"allow":["GET"]}}],"collection":[{"href":"https:\/\/bassoffice.pl\/index.php?rest_route=\/wp\/v2\/pages"}],"about":[{"href":"https:\/\/bassoffice.pl\/index.php?rest_route=\/wp\/v2\/types\/page"}],"author":[{"embeddable":true,"href":"https:\/\/bassoffice.pl\/index.php?rest_route=\/wp\/v2\/users\/1"}],"replies":[{"embeddable":true,"href":"https:\/\/bassoffice.pl\/index.php?rest_route=%2Fwp%2Fv2%2Fcomments&post=1187"}],"version-history":[{"count":11,"href":"https:\/\/bassoffice.pl\/index.php?rest_route=\/wp\/v2\/pages\/1187\/revisions"}],"predecessor-version":[{"id":1228,"href":"https:\/\/bassoffice.pl\/index.php?rest_route=\/wp\/v2\/pages\/1187\/revisions\/1228"}],"wp:attachment":[{"href":"https:\/\/bassoffice.pl\/index.php?rest_route=%2Fwp%2Fv2%2Fmedia&parent=1187"}],"curies":[{"name":"wp","href":"https:\/\/api.w.org\/{rel}","templated":true}]}}